{"id":23457,"date":"2020-06-16T09:49:04","date_gmt":"2020-06-16T06:49:04","guid":{"rendered":"https:\/\/kpk-law.gr\/kogkalidis-vasilios-toy-konstantinou\/"},"modified":"2024-02-07T14:11:26","modified_gmt":"2024-02-07T11:11:26","slug":"kogkalidis-vasilios-toy-konstantinou","status":"publish","type":"page","link":"https:\/\/kpk-law.gr\/de\/kogkalidis-vasilios-toy-konstantinou\/","title":{"rendered":"Vasilis Kogkalidis, Vatername Konstantinos"},"content":{"rendered":"<p>[vc_row bg_check=&#8220;row-background-dark&#8220; css=&#8220;.vc_custom_1605195334670{background-image: url(http:\/\/kpk-law.gr\/wp-content\/uploads\/2020\/11\/header-3.jpg?id=22150) !important;background-position: center !important;background-repeat: no-repeat !important;background-size: cover !important;}&#8220;][vc_column dfd_column_responsive_enable=&#8220;dfd-column-responsive-enable&#8220; col_shadow=&#8220;box_shadow_enable:disable|shadow_horizontal:0|shadow_vertical:15|shadow_blur:50|shadow_spread:0|box_shadow_color:rgba(0%2C0%2C0%2C0.35)&#8220; col_shadow_hover=&#8220;box_shadow_enable:disable|shadow_horizontal:0|shadow_vertical:15|shadow_blur:50|shadow_spread:0|box_shadow_color:rgba(0%2C0%2C0%2C0.35)&#8220; responsive_styles=&#8220;padding_left_desktop:20|padding_right_desktop:20|padding_left_tablet:20|padding_right_tablet:20|padding_left_mobile:20|padding_right_mobile:20&#8243;][dfd_spacer screen_wide_spacer_size=&#8220;200&#8243; screen_normal_resolution=&#8220;1280&#8243; screen_tablet_resolution=&#8220;1024&#8243; screen_mobile_resolution=&#8220;800&#8243; screen_wide_resolution=&#8220;1280&#8243;][dfd_heading subtitle=&#8220;&#8220; module_animation=&#8220;transition.expandIn&#8220; delimiter_settings=&#8220;delimiter_style:solid|delimiter_width:80|delimiter_height:1|delimiter_color:%231e73be&#8220; subtitle_custom_fonts=&#8220;font_family:Roboto%3A100%2C100italic%2C300%2C300italic%2Cregular%2Citalic%2C500%2C500italic%2C700%2C700italic%2C900%2C900italic&#8220; undefined=&#8220;&#8220; title_font_options=&#8220;tag:h2|font_size:51|color:%23ffffff|line_height:51|letter_spacing:0&#8243; subtitle_font_options=&#8220;tag:h4|font_size:14|color:%23ffffff|line_height:100|letter_spacing:3&#8243; subtitle_google_fonts=&#8220;yes&#8220; title_responsive=&#8220;font_size_desktop:32|line_height_desktop:40|font_size_tablet:30|line_height_tablet:38|font_size_mobile:24|line_height_mobile:32&#8243; subtitle_responsive=&#8220;font_size_mobile:13&#8243;]<strong>Vasilis Kogkalidis<\/strong>[\/dfd_heading][dfd_spacer screen_wide_spacer_size=&#8220;200&#8243; screen_normal_resolution=&#8220;1280&#8243; screen_tablet_resolution=&#8220;1024&#8243; screen_mobile_resolution=&#8220;800&#8243; screen_wide_resolution=&#8220;1280&#8243;][\/vc_column][\/vc_row][vc_row][vc_column dfd_column_responsive_enable=&#8220;dfd-column-responsive-enable&#8220; col_shadow=&#8220;box_shadow_enable:disable|shadow_horizontal:0|shadow_vertical:15|shadow_blur:50|shadow_spread:0|box_shadow_color:rgba(0%2C0%2C0%2C0.35)&#8220; col_shadow_hover=&#8220;box_shadow_enable:disable|shadow_horizontal:0|shadow_vertical:15|shadow_blur:50|shadow_spread:0|box_shadow_color:rgba(0%2C0%2C0%2C0.35)&#8220; responsive_styles=&#8220;padding_left_desktop:20|padding_right_desktop:20|padding_left_tablet:20|padding_right_tablet:20|padding_left_mobile:20|padding_right_mobile:20&#8243;][dfd_spacer screen_wide_spacer_size=&#8220;100&#8243; screen_normal_resolution=&#8220;1280&#8243; screen_tablet_resolution=&#8220;1024&#8243; screen_mobile_resolution=&#8220;800&#8243; screen_wide_resolution=&#8220;1280&#8243; screen_normal_spacer_size=&#8220;80&#8243; screen_tablet_spacer_size=&#8220;60&#8243; screen_mobile_spacer_size=&#8220;60&#8243;][dfd_spacer screen_wide_spacer_size=&#8220;100&#8243; screen_normal_resolution=&#8220;1280&#8243; screen_tablet_resolution=&#8220;1024&#8243; screen_mobile_resolution=&#8220;800&#8243; screen_wide_resolution=&#8220;1280&#8243; screen_normal_spacer_size=&#8220;80&#8243; screen_tablet_spacer_size=&#8220;60&#8243; screen_mobile_spacer_size=&#8220;60&#8243;][dfd_spacer screen_wide_spacer_size=&#8220;100&#8243; screen_normal_resolution=&#8220;1280&#8243; screen_tablet_resolution=&#8220;1024&#8243; screen_mobile_resolution=&#8220;800&#8243; screen_wide_resolution=&#8220;1280&#8243; screen_normal_spacer_size=&#8220;80&#8243; screen_tablet_spacer_size=&#8220;60&#8243; screen_mobile_spacer_size=&#8220;60&#8243;][vc_row_inner][vc_column_inner width=&#8220;1\/4&#8243; css=&#8220;.vc_custom_1580389363705{padding-right: 40px !important;padding-left: 40px !important;border-radius: 4px !important;}&#8220; col_inner_shadow=&#8220;box_shadow_enable:disable|shadow_horizontal:0|shadow_vertical:15|shadow_blur:50|shadow_spread:0|box_shadow_color:rgba(0%2C0%2C0%2C0.35)&#8220; col_inner_shadow_hover=&#8220;box_shadow_enable:disable|shadow_horizontal:0|shadow_vertical:15|shadow_blur:50|shadow_spread:0|box_shadow_color:rgba(0%2C0%2C0%2C0.35)&#8220;][dfd_single_image module_animation=&#8220;transition.expandIn&#8220; image=&#8220;22142&#8243; img_rounded=&#8220;4&#8243;][dfd_spacer screen_wide_spacer_size=&#8220;30&#8243; screen_normal_resolution=&#8220;1024&#8243; screen_tablet_resolution=&#8220;800&#8243; screen_mobile_resolution=&#8220;480&#8243;][dfd_heading subtitle=&#8220;&#8220; content_alignment=&#8220;text-left&#8220; module_animation=&#8220;transition.expandIn&#8220; enable_delimiter=&#8220;&#8220; subtitle_custom_fonts=&#8220;font_family:Roboto%3A100%2C100italic%2C300%2C300italic%2Cregular%2Citalic%2C500%2C500italic%2C700%2C700italic%2C900%2C900italic&#8220; undefined=&#8220;&#8220; title_font_options=&#8220;tag:h4|font_size:22|line_height:30&#8243; subtitle_font_options=&#8220;tag:div|font_size:0|color:%23a8a8a8|line_height:0|letter_spacing:0&#8243; subtitle_google_fonts=&#8220;yes&#8220; title_responsive=&#8220;font_size_desktop:32|line_height_desktop:40|font_size_tablet:30|line_height_tablet:38|font_size_mobile:24|line_height_mobile:32&#8243; subtitle_responsive=&#8220;font_size_mobile:13&#8243; title_google_fonts=&#8220;yes&#8220; title_custom_fonts=&#8220;font_family:Roboto%3A100%2C100italic%2C300%2C300italic%2Cregular%2Citalic%2C500%2C500italic%2C700%2C700italic%2C900%2C900italic|font_style:700%20bold%20regular%3A700%3Anormal&#8220;]<strong>Vasilis Kogkalidis<\/strong>[\/dfd_heading][dfd_spacer screen_wide_spacer_size=&#8220;30&#8243; screen_normal_resolution=&#8220;1024&#8243; screen_tablet_resolution=&#8220;800&#8243; screen_mobile_resolution=&#8220;480&#8243;][vc_column_text item_animation=&#8220;transition.expandIn&#8220;]<\/p>\n<p style=\"text-align: left;\">Gr\u00fcnder und gesch\u00e4ftsf\u00fchrender Gesellschafter der Gesellschaft KPK LAW FIRM<\/p>\n<p>[\/vc_column_text][vc_column_text item_animation=&#8220;transition.expandIn&#8220;]<strong>Email:<br \/>\n<\/strong>kogkalidis\u00a0[@] kpk-law.gr[\/vc_column_text][vc_column_text item_animation=&#8220;transition.expandIn&#8220;]<strong>Telefon-Nr.:<\/strong><\/p>\n<p>+30 2510 837 099[\/vc_column_text][dfd_spacer screen_wide_spacer_size=&#8220;50&#8243; screen_normal_resolution=&#8220;1024&#8243; screen_tablet_resolution=&#8220;800&#8243; screen_mobile_resolution=&#8220;480&#8243;][\/vc_column_inner][vc_column_inner width=&#8220;3\/4&#8243; css=&#8220;.vc_custom_1580389437017{padding-right: 40px !important;padding-left: 40px !important;}&#8220; col_inner_shadow=&#8220;box_shadow_enable:disable|shadow_horizontal:0|shadow_vertical:15|shadow_blur:50|shadow_spread:0|box_shadow_color:rgba(0%2C0%2C0%2C0.35)&#8220; col_inner_shadow_hover=&#8220;box_shadow_enable:disable|shadow_horizontal:0|shadow_vertical:15|shadow_blur:50|shadow_spread:0|box_shadow_color:rgba(0%2C0%2C0%2C0.35)&#8220;][dfd_heading subtitle=&#8220;&#8220; content_alignment=&#8220;text-left&#8220; module_animation=&#8220;transition.expandIn&#8220; delimiter_settings=&#8220;delimiter_style:solid|delimiter_width:35|delimiter_height:5|delimiter_color:%23b1976b&#8220; subtitle_custom_fonts=&#8220;font_family:Roboto%3A100%2C100italic%2C300%2C300italic%2Cregular%2Citalic%2C500%2C500italic%2C700%2C700italic%2C900%2C900italic&#8220; undefined=&#8220;&#8220; title_font_options=&#8220;tag:h4|font_size:16|line_height:30|letter_spacing:4&#8243; subtitle_font_options=&#8220;tag:div|font_size:0|color:%23a8a8a8|line_height:0|letter_spacing:0&#8243; subtitle_google_fonts=&#8220;yes&#8220; title_responsive=&#8220;font_size_desktop:32|line_height_desktop:40|font_size_tablet:30|line_height_tablet:38|font_size_mobile:24|line_height_mobile:32&#8243; subtitle_responsive=&#8220;font_size_mobile:13&#8243; title_google_fonts=&#8220;yes&#8220; title_custom_fonts=&#8220;font_family:Roboto%3A100%2C100italic%2C300%2C300italic%2Cregular%2Citalic%2C500%2C500italic%2C700%2C700italic%2C900%2C900italic|font_style:700%20bold%20regular%3A700%3Anormal&#8220;]<strong>LEBENSLAUF<\/strong>[\/dfd_heading][dfd_spacer screen_wide_spacer_size=&#8220;10&#8243; screen_normal_resolution=&#8220;1024&#8243; screen_tablet_resolution=&#8220;800&#8243; screen_mobile_resolution=&#8220;480&#8243;][vc_column_text item_animation=&#8220;transition.expandIn&#8220;]Er ist seit 2003 Mitglied der Anwaltskammer von Kavala und seit 2017 Rechtsanwalt am Obersten Gerichtshof (Areopag).<\/p>\n<p>Er absolvierte sein Studium am Fachbereich f\u00fcr Jura der Aristoteles-Universit\u00e4t Thessaloniki (2000) mit der Note \u201esehr gut\u201c.<\/p>\n<p>Er hat einen Postgraduiertenabschluss (Magister Legum-LL.M.) von der Ruprecht-Karls-Universit\u00e4t\u00a0Heidelberg (2002), wo er seine Diplomarbeit zum Thema Europ\u00e4isches Aktiengesellschaftsrecht schrieb, und von der Demokrit-Universit\u00e4t Thrakien, Sektor Handelsrecht (2003), wo er seine Diplomarbeit \u00fcber B\u00f6rsenrecht schrieb.<\/p>\n<p>Vasilis ist Rechtsberater f\u00fcr f\u00fchrende Aktiengesellschaften in der Region, darunter auch solche, die an der Athener B\u00f6rse notiert sind.<\/p>\n<p>Er ist auf Handelsrecht mit Schwerpunkt auf Unternehmensrecht, Zivilrecht und Finanzstrafrecht spezialisiert.<\/p>\n<p>Vasilis ist auch auf den Immobilienrecht spezialisiert, indem er Immobiliengutachten durchf\u00fchrt, Immobilien\u00fcbertragungsvertr\u00e4ge ausarbeitet, Rechtsberatung im Immobilienbereich leistet und die Abwicklung des \u201eGolden Visa\u201c-Prozesses \u00fcbernimmt.<\/p>\n<p>Als Anwalt f\u00fcr Rechtsstreitigkeiten hat er mit gro\u00dfem Erfolg zivil- und handelsrechtliche F\u00e4lle bearbeitet und multinationale Unternehmen vor griechischen Gerichten vertreten, darunter auch im \u00d6lsektor.<\/p>\n<p>Er spricht flie\u00dfend Deutsch, Englisch und Spanisch als Arbeitssprachen.[\/vc_column_text][dfd_spacer screen_wide_spacer_size=&#8220;50&#8243; screen_normal_resolution=&#8220;1024&#8243; screen_tablet_resolution=&#8220;800&#8243; screen_mobile_resolution=&#8220;480&#8243;][dfd_heading subtitle=&#8220;&#8220; content_alignment=&#8220;text-left&#8220; module_animation=&#8220;transition.expandIn&#8220; delimiter_settings=&#8220;delimiter_style:solid|delimiter_width:35|delimiter_height:5|delimiter_color:%23b1976b&#8220; subtitle_custom_fonts=&#8220;font_family:Roboto%3A100%2C100italic%2C300%2C300italic%2Cregular%2Citalic%2C500%2C500italic%2C700%2C700italic%2C900%2C900italic&#8220; undefined=&#8220;&#8220; title_font_options=&#8220;tag:h4|font_size:16|line_height:30|letter_spacing:4&#8243; subtitle_font_options=&#8220;tag:div|font_size:0|color:%23a8a8a8|line_height:0|letter_spacing:0&#8243; subtitle_google_fonts=&#8220;yes&#8220; title_responsive=&#8220;font_size_desktop:32|line_height_desktop:40|font_size_tablet:30|line_height_tablet:38|font_size_mobile:24|line_height_mobile:32&#8243; subtitle_responsive=&#8220;font_size_mobile:13&#8243; title_google_fonts=&#8220;yes&#8220; title_custom_fonts=&#8220;font_family:Roboto%3A100%2C100italic%2C300%2C300italic%2Cregular%2Citalic%2C500%2C500italic%2C700%2C700italic%2C900%2C900italic|font_style:700%20bold%20regular%3A700%3Anormal&#8220;]<\/p>\n<h4><strong><b>T\u00c4TIGKEITSBEREICHE:<\/b><\/strong><\/h4>\n<p>[\/dfd_heading][dfd_spacer screen_wide_spacer_size=&#8220;10&#8243; screen_normal_resolution=&#8220;1024&#8243; screen_tablet_resolution=&#8220;800&#8243; screen_mobile_resolution=&#8220;480&#8243;][dfd_icon_list module_animation=&#8220;transition.expandIn&#8220; list_fields=&#8220;%5B%7B%22icon_type%22%3A%22selector%22%2C%22select_icon%22%3A%22dfd_icons%22%2C%22ic_dfd_icons%22%3A%22dfd-socicon-arrow-right%22%2C%22text_content%22%3A%22Immobilienrecht%20%5Cn%5Cn%22%7D%2C%7B%22icon_type%22%3A%22selector%22%2C%22select_icon%22%3A%22dfd_icons%22%2C%22ic_dfd_icons%22%3A%22dfd-socicon-arrow-right%22%2C%22text_content%22%3A%22Handelsrecht%5Cn%22%7D%2C%7B%22icon_type%22%3A%22selector%22%2C%22select_icon%22%3A%22dfd_icons%22%2C%22ic_dfd_icons%22%3A%22dfd-socicon-arrow-right%22%2C%22text_content%22%3A%22Unternehmensrecht%5Cn%22%7D%2C%7B%22icon_type%22%3A%22selector%22%2C%22select_icon%22%3A%22dfd_icons%22%2C%22ic_dfd_icons%22%3A%22dfd-socicon-arrow-right%22%2C%22text_content%22%3A%22Zivilrecht%20%5Cn%22%7D%2C%7B%22icon_type%22%3A%22selector%22%2C%22select_icon%22%3A%22dfd_icons%22%2C%22ic_dfd_icons%22%3A%22dfd-socicon-arrow-right%22%2C%22text_content%22%3A%22Finanzstrafrecht%22%7D%5D&#8220; main_style=&#8220;style-1&#8243; font_options=&#8220;tag:div|font_size:14&#8243; icon_color=&#8220;#b1976b&#8220;][dfd_spacer screen_wide_spacer_size=&#8220;50&#8243; screen_normal_resolution=&#8220;1024&#8243; screen_tablet_resolution=&#8220;800&#8243; screen_mobile_resolution=&#8220;480&#8243;][\/vc_column_inner][\/vc_row_inner][\/vc_column][\/vc_row][vc_row dfd_row_responsive_enable=&#8220;dfd-row-responsive-enable&#8220; css=&#8220;.vc_custom_1592230996552{padding-top: 30px !important;padding-bottom: 30px !important;background-image: url(http:\/\/kpk-law.gr\/wp-content\/uploads\/2020\/01\/sing-name.jpg?id=21613) !important;background-position: center !important;background-repeat: no-repeat !important;background-size: cover !important;}&#8220; responsive_styles=&#8220;padding_left_desktop:10|padding_right_desktop:10|padding_left_tablet:10|padding_right_tablet:10|padding_left_mobile:20|padding_right_mobile:20&#8243;][vc_column][dfd_spacer screen_wide_spacer_size=&#8220;110&#8243; screen_normal_resolution=&#8220;1280&#8243; screen_tablet_resolution=&#8220;1024&#8243; screen_mobile_resolution=&#8220;800&#8243; screen_mobile_spacer_size=&#8220;65&#8243;][vc_row_inner css=&#8220;.vc_custom_1592230935560{padding-top: 30px !important;padding-bottom: 30px !important;}&#8220;][vc_column_inner width=&#8220;1\/4&#8243;][\/vc_column_inner][vc_column_inner width=&#8220;1\/2&#8243;][dfd_heading subtitle=&#8220;&#8220; module_animation=&#8220;transition.slideRightBigIn&#8220; enable_delimiter=&#8220;&#8220; undefined=&#8220;&#8220; title_font_options=&#8220;tag:div|font_size:18|color:%23ffffff|line_height:25|letter_spacing:4&#8243; subtitle_font_options=&#8220;tag:div|font_size:26|color:%23b1976b|line_height:26&#8243; title_responsive=&#8220;font_size_mobile:26&#8243;]<\/p>\n<p style=\"text-align: center;\">Nehmen Sie Kontakt mit uns auf<\/p>\n<p style=\"text-align: center;\">[\/dfd_heading][dfd_spacer screen_wide_spacer_size=&#8220;5&#8243; screen_normal_resolution=&#8220;1280&#8243; screen_tablet_resolution=&#8220;1024&#8243; screen_mobile_resolution=&#8220;800&#8243;][dfd_heading subtitle=&#8220;(+30) 2510 222877 (+30)2510 837099&#8243; module_animation=&#8220;transition.slideRightBigIn&#8220; enable_delimiter=&#8220;&#8220; undefined=&#8220;&#8220; title_font_options=&#8220;tag:div|font_size:18|color:%23ffffff|line_height:25|letter_spacing:4&#8243; subtitle_font_options=&#8220;tag:div|font_size:26|color:%23b1976b|line_height:26&#8243; title_responsive=&#8220;font_size_mobile:26&#8243;][\/dfd_heading][dfd_spacer screen_wide_spacer_size=&#8220;25&#8243; screen_normal_resolution=&#8220;1280&#8243; screen_tablet_resolution=&#8220;1024&#8243; screen_mobile_resolution=&#8220;800&#8243;][vc_column_text item_animation=&#8220;transition.slideRightBigIn&#8220;]<\/p>\n<p style=\"text-align: center !important;\"><span style=\"color: #ffffff;\">info [@] kpk-law.gr<\/span><\/p>\n<p>[\/vc_column_text][dfd_spacer screen_wide_spacer_size=&#8220;90&#8243; screen_normal_resolution=&#8220;1280&#8243; screen_tablet_resolution=&#8220;1024&#8243; screen_mobile_resolution=&#8220;800&#8243;][\/vc_column_inner][vc_column_inner width=&#8220;1\/4&#8243;][\/vc_column_inner][\/vc_row_inner][vc_row_inner][vc_column_inner width=&#8220;1\/4&#8243;][\/vc_column_inner][vc_column_inner width=&#8220;1\/4&#8243;][\/vc_column_inner][\/vc_row_inner][\/vc_column][\/vc_row]<\/p>\n","protected":false},"excerpt":{"rendered":"<p>[vc_row bg_check=&#8220;row-background-dark&#8220; css=&#8220;.vc_custom_1605195334670{background-image: url(http:\/\/kpk-law.gr\/wp-content\/uploads\/2020\/11\/header-3.jpg?id=22150) !important;background-position: center !important;background-repeat: no-repeat !important;background-size: cover !important;}&#8220;][vc_column dfd_column_responsive_enable=&#8220;dfd-column-responsive-enable&#8220; col_shadow=&#8220;box_shadow_enable:disable|shadow_horizontal:0|shadow_vertical:15|shadow_blur:50|shadow_spread:0|box_shadow_color:rgba(0%2C0%2C0%2C0.35)&#8220; col_shadow_hover=&#8220;box_shadow_enable:disable|shadow_horizontal:0|shadow_vertical:15|shadow_blur:50|shadow_spread:0|box_shadow_color:rgba(0%2C0%2C0%2C0.35)&#8220; responsive_styles=&#8220;padding_left_desktop:20|padding_right_desktop:20|padding_left_tablet:20|padding_right_tablet:20|padding_left_mobile:20|padding_right_mobile:20&#8243;][dfd_spacer screen_wide_spacer_size=&#8220;200&#8243; screen_normal_resolution=&#8220;1280&#8243; screen_tablet_resolution=&#8220;1024&#8243; screen_mobile_resolution=&#8220;800&#8243; screen_wide_resolution=&#8220;1280&#8243;][dfd_heading subtitle=&#8220;&#8220; module_animation=&#8220;transition.expandIn&#8220; delimiter_settings=&#8220;delimiter_style:solid|delimiter_width:80|delimiter_height:1|delimiter_color:%231e73be&#8220; subtitle_custom_fonts=&#8220;font_family:Roboto%3A100%2C100italic%2C300%2C300italic%2Cregular%2Citalic%2C500%2C500italic%2C700%2C700italic%2C900%2C900italic&#8220; undefined=&#8220;&#8220; title_font_options=&#8220;tag:h2|font_size:51|color:%23ffffff|line_height:51|letter_spacing:0&#8243; subtitle_font_options=&#8220;tag:h4|font_size:14|color:%23ffffff|line_height:100|letter_spacing:3&#8243; subtitle_google_fonts=&#8220;yes&#8220; title_responsive=&#8220;font_size_desktop:32|line_height_desktop:40|font_size_tablet:30|line_height_tablet:38|font_size_mobile:24|line_height_mobile:32&#8243; subtitle_responsive=&#8220;font_size_mobile:13&#8243;]Vasilis<\/p>\n","protected":false},"author":1,"featured_media":0,"parent":0,"menu_order":0,"comment_status":"closed","ping_status":"closed","template":"tmp-page.php","meta":{"footnotes":""},"_links":{"self":[{"href":"https:\/\/kpk-law.gr\/de\/wp-json\/wp\/v2\/pages\/23457"}],"collection":[{"href":"https:\/\/kpk-law.gr\/de\/wp-json\/wp\/v2\/pages"}],"about":[{"href":"https:\/\/kpk-law.gr\/de\/wp-json\/wp\/v2\/types\/page"}],"author":[{"embeddable":true,"href":"https:\/\/kpk-law.gr\/de\/wp-json\/wp\/v2\/users\/1"}],"replies":[{"embeddable":true,"href":"https:\/\/kpk-law.gr\/de\/wp-json\/wp\/v2\/comments?post=23457"}],"version-history":[{"count":7,"href":"https:\/\/kpk-law.gr\/de\/wp-json\/wp\/v2\/pages\/23457\/revisions"}],"predecessor-version":[{"id":23489,"href":"https:\/\/kpk-law.gr\/de\/wp-json\/wp\/v2\/pages\/23457\/revisions\/23489"}],"wp:attachment":[{"href":"https:\/\/kpk-law.gr\/de\/wp-json\/wp\/v2\/media?parent=23457"}],"curies":[{"name":"wp","href":"https:\/\/api.w.org\/{rel}","templated":true}]}}